{"id":690,"date":"2024-08-19T15:10:51","date_gmt":"2024-08-19T18:10:51","guid":{"rendered":"https:\/\/pacificgenomics.cl\/?page_id=690"},"modified":"2024-08-19T15:14:19","modified_gmt":"2024-08-19T18:14:19","slug":"psiquiatria","status":"publish","type":"page","link":"https:\/\/pacificgenomics.cl\/en\/psiquiatria\/","title":{"rendered":"Psychiatry"},"content":{"rendered":"\t\t<div data-elementor-type=\"wp-page\" data-elementor-id=\"690\" class=\"elementor elementor-690\" data-elementor-post-type=\"page\">\n\t\t\t\t<div class=\"elementor-element elementor-element-5a130c3a e-flex e-con-boxed e-con e-parent\" data-id=\"5a130c3a\" data-element_type=\"container\" data-e-type=\"container\" data-settings=\"{&quot;background_background&quot;:&quot;classic&quot;}\">\n\t\t\t\t\t<div class=\"e-con-inner\">\n\t\t\t\t<div class=\"elementor-element elementor-element-18df9b04 elementor-widget elementor-widget-heading\" data-id=\"18df9b04\" data-element_type=\"widget\" data-e-type=\"widget\" data-widget_type=\"heading.default\">\n\t\t\t\t<div class=\"elementor-widget-container\">\n\t\t\t\t\t<h2 class=\"elementor-heading-title elementor-size-default\">Psiquiatr\u00eda<\/h2>\t\t\t\t<\/div>\n\t\t\t\t<\/div>\n\t\t\t\t<div class=\"elementor-element elementor-element-3f946de5 elementor-widget elementor-widget-text-editor\" data-id=\"3f946de5\" data-element_type=\"widget\" data-e-type=\"widget\" data-widget_type=\"text-editor.default\">\n\t\t\t\t<div class=\"elementor-widget-container\">\n\t\t\t\t\t\t\t\t\t<p>Detalles sobre nuestros test<\/p>\t\t\t\t\t\t\t\t<\/div>\n\t\t\t\t<\/div>\n\t\t\t\t\t<\/div>\n\t\t\t\t<\/div>\n\t\t<div class=\"elementor-element elementor-element-62eed30e e-flex e-con-boxed e-con e-parent\" data-id=\"62eed30e\" data-element_type=\"container\" data-e-type=\"container\">\n\t\t\t\t\t<div class=\"e-con-inner\">\n\t\t\t\t<div class=\"elementor-element elementor-element-39ab537e elementor-widget elementor-widget-breadcrumbs\" data-id=\"39ab537e\" data-element_type=\"widget\" data-e-type=\"widget\" data-widget_type=\"breadcrumbs.default\">\n\t\t\t\t<div class=\"elementor-widget-container\">\n\t\t\t\t\t<nav id=\"breadcrumbs\"><span><span><a href=\"https:\/\/pacificgenomics.cl\/\">Inicio<\/a><\/span><\/span><\/nav>\t\t\t\t<\/div>\n\t\t\t\t<\/div>\n\t\t\t\t\t<\/div>\n\t\t\t\t<\/div>\n\t\t<div class=\"elementor-element elementor-element-2f8f247b e-flex e-con-boxed e-con e-parent\" data-id=\"2f8f247b\" data-element_type=\"container\" data-e-type=\"container\">\n\t\t\t\t\t<div class=\"e-con-inner\">\n\t\t<div class=\"elementor-element elementor-element-7eb7a0e9 e-con-full test-menu e-flex e-con e-child\" data-id=\"7eb7a0e9\" data-element_type=\"container\" data-e-type=\"container\">\n\t\t\t\t<div class=\"elementor-element elementor-element-3befda29 elementor-widget elementor-widget-html\" data-id=\"3befda29\" data-element_type=\"widget\" data-e-type=\"widget\" data-widget_type=\"html.default\">\n\t\t\t\t<div class=\"elementor-widget-container\">\n\t\t\t\t\t<style>\r\n    \r\n    .test-menu button {\r\n        border: none;\r\n        padding: 0;\r\n    }\r\n    .test-menu button .elementor-button-content-wrapper {\r\n        gap: 14px;\r\n    }\r\n    .test-menu button {\r\n        font-family: \"Poppins\", Sans-serif;\r\n        font-size: 16px;\r\n        font-weight: 400;\r\n        line-height: 36px;\r\n        fill: #8acbe1;\r\n        color: #8acbe1;\r\n    }\r\n    .test-menu button:hover, .test-menu button:focus {\r\n        fill: #7a7a7a;\r\n        color: #7a7a7a;\r\n        background: none;\r\n    }\r\n<\/style>\r\n<script>\r\n\r\n    function myFunction(testName) {\r\n        var i;\r\n        var x = document.getElementsByClassName(\"test-content\");\r\n        for (i = 0; i < x.length; i++) {\r\n            x[i].style.display = \"none\";\r\n        }\r\n        document.getElementById(testName).style.display = \"flex\";\r\n    }\r\n\r\n<\/script>\r\n\t\t\t\t<\/div>\n\t\t\t\t<\/div>\n\t\t\t\t<div class=\"elementor-element elementor-element-46c1f098 elementor-widget elementor-widget-heading\" data-id=\"46c1f098\" data-element_type=\"widget\" data-e-type=\"widget\" data-widget_type=\"heading.default\">\n\t\t\t\t<div class=\"elementor-widget-container\">\n\t\t\t\t\t<h2 class=\"elementor-heading-title elementor-size-default\">Test<\/h2>\t\t\t\t<\/div>\n\t\t\t\t<\/div>\n\t\t\t\t<div class=\"elementor-element elementor-element-47e7b846 elementor-widget-divider--view-line elementor-widget elementor-widget-divider\" data-id=\"47e7b846\" data-element_type=\"widget\" data-e-type=\"widget\" data-widget_type=\"divider.default\">\n\t\t\t\t<div class=\"elementor-widget-container\">\n\t\t\t\t\t\t\t<div class=\"elementor-divider\">\n\t\t\t<span class=\"elementor-divider-separator\">\n\t\t\t\t\t\t<\/span>\n\t\t<\/div>\n\t\t\t\t\t\t<\/div>\n\t\t\t\t<\/div>\n\t\t\t\t<div class=\"elementor-element elementor-element-5dc58682 elementor-widget elementor-widget-html\" data-id=\"5dc58682\" data-element_type=\"widget\" data-e-type=\"widget\" data-widget_type=\"html.default\">\n\t\t\t\t<div class=\"elementor-widget-container\">\n\t\t\t\t\t<button onclick=\"myFunction('genomind')\"><span class=\"elementor-button-content-wrapper\"><span class=\"elementor-button-icon\"><svg aria-hidden=\"true\" class=\"e-font-icon-svg e-fas-arrow-right\" viewBox=\"0 0 448 512\" xmlns=\"http:\/\/www.w3.org\/2000\/svg\"><path d=\"M190.5 66.9l22.2-22.2c9.4-9.4 24.6-9.4 33.9 0L441 239c9.4 9.4 9.4 24.6 0 33.9L246.6 467.3c-9.4 9.4-24.6 9.4-33.9 0l-22.2-22.2c-9.5-9.5-9.3-25 .4-34.3L311.4 296H24c-13.3 0-24-10.7-24-24v-32c0-13.3 10.7-24 24-24h287.4L190.9 101.2c-9.8-9.3-10-24.8-.4-34.3z\"><\/path><\/svg>\t\t\t<\/span><span class=\"elementor-button-text\">Genomind Professional PGx<\/span><\/span><\/button>\t\t\t\t<\/div>\n\t\t\t\t<\/div>\n\t\t\t\t<div class=\"elementor-element elementor-element-3d8fd65b elementor-widget-divider--view-line elementor-widget elementor-widget-divider\" data-id=\"3d8fd65b\" data-element_type=\"widget\" data-e-type=\"widget\" data-widget_type=\"divider.default\">\n\t\t\t\t<div class=\"elementor-widget-container\">\n\t\t\t\t\t\t\t<div class=\"elementor-divider\">\n\t\t\t<span class=\"elementor-divider-separator\">\n\t\t\t\t\t\t<\/span>\n\t\t<\/div>\n\t\t\t\t\t\t<\/div>\n\t\t\t\t<\/div>\n\t\t\t\t<\/div>\n\t\t<div class=\"elementor-element elementor-element-d5786bd e-con-full test-container e-flex e-con e-child\" data-id=\"d5786bd\" data-element_type=\"container\" data-e-type=\"container\">\n\t\t<div class=\"elementor-element elementor-element-3cec2b70 e-con-full test-content e-flex e-con e-child\" data-id=\"3cec2b70\" data-element_type=\"container\" data-e-type=\"container\" id=\"genomind\">\n\t\t\t\t<div class=\"elementor-element elementor-element-28ec5402 elementor-widget elementor-widget-heading\" data-id=\"28ec5402\" data-element_type=\"widget\" data-e-type=\"widget\" data-widget_type=\"heading.default\">\n\t\t\t\t<div class=\"elementor-widget-container\">\n\t\t\t\t\t<h2 class=\"elementor-heading-title elementor-size-default\">Genomind Professional PGx \u2013 Genomind<\/h2>\t\t\t\t<\/div>\n\t\t\t\t<\/div>\n\t\t\t\t<div class=\"elementor-element elementor-element-432d13b2 elementor-widget elementor-widget-button\" data-id=\"432d13b2\" data-element_type=\"widget\" data-e-type=\"widget\" data-widget_type=\"button.default\">\n\t\t\t\t<div class=\"elementor-widget-container\">\n\t\t\t\t\t\t\t\t\t<div class=\"elementor-button-wrapper\">\n\t\t\t\t\t<a class=\"elementor-button elementor-button-link elementor-size-sm\" href=\"https:\/\/genomind.com\/\" target=\"_blank\">\n\t\t\t\t\t\t<span class=\"elementor-button-content-wrapper\">\n\t\t\t\t\t\t\t\t\t<span class=\"elementor-button-text\">Por m\u00e1s informaci\u00f3n realice clic aqu\u00ed<\/span>\n\t\t\t\t\t<\/span>\n\t\t\t\t\t<\/a>\n\t\t\t\t<\/div>\n\t\t\t\t\t\t\t\t<\/div>\n\t\t\t\t<\/div>\n\t\t\t\t<\/div>\n\t\t\t\t<\/div>\n\t\t\t\t\t<\/div>\n\t\t\t\t<\/div>\n\t\t\t\t<\/div>\n\t\t","protected":false},"excerpt":{"rendered":"<p>Psiquiatr\u00eda Detalles sobre nuestros test Test Genomind Professional PGx Genomind Professional PGx \u2013 Genomind Por m\u00e1s informaci\u00f3n realice clic aqu\u00ed<\/p>","protected":false},"author":1,"featured_media":0,"parent":0,"menu_order":0,"comment_status":"closed","ping_status":"closed","template":"","meta":{"footnotes":""},"class_list":["post-690","page","type-page","status-publish","hentry"],"yoast_head":"<!-- This site is optimized with the Yoast SEO plugin v27.1.1 - https:\/\/yoast.com\/product\/yoast-seo-wordpress\/ -->\n<title>Psiquiatr\u00eda - Pacific Genomics<\/title>\n<meta name=\"robots\" content=\"index, follow, max-snippet:-1, max-image-preview:large, max-video-preview:-1\" \/>\n<link rel=\"canonical\" href=\"https:\/\/pacificgenomics.cl\/en\/psiquiatria\/\" \/>\n<meta property=\"og:locale\" content=\"en_US\" \/>\n<meta property=\"og:type\" content=\"article\" \/>\n<meta property=\"og:title\" content=\"Psiquiatr\u00eda - Pacific Genomics\" \/>\n<meta property=\"og:description\" content=\"Psiquiatr\u00eda Detalles sobre nuestros test Test Genomind Professional PGx Genomind Professional PGx \u2013 Genomind Por m\u00e1s informaci\u00f3n realice clic aqu\u00ed\" \/>\n<meta property=\"og:url\" content=\"https:\/\/pacificgenomics.cl\/en\/psiquiatria\/\" \/>\n<meta property=\"og:site_name\" content=\"Pacific Genomics\" \/>\n<meta property=\"article:modified_time\" content=\"2024-08-19T18:14:19+00:00\" \/>\n<meta name=\"twitter:card\" content=\"summary_large_image\" \/>\n<meta name=\"twitter:label1\" content=\"Est. reading time\" \/>\n\t<meta name=\"twitter:data1\" content=\"1 minute\" \/>\n<script type=\"application\/ld+json\" class=\"yoast-schema-graph\">{\"@context\":\"https:\/\/schema.org\",\"@graph\":[{\"@type\":\"WebPage\",\"@id\":\"https:\/\/pacificgenomics.cl\/psiquiatria\/\",\"url\":\"https:\/\/pacificgenomics.cl\/psiquiatria\/\",\"name\":\"Psiquiatr\u00eda - Pacific Genomics\",\"isPartOf\":{\"@id\":\"https:\/\/pacificgenomics.cl\/#website\"},\"datePublished\":\"2024-08-19T18:10:51+00:00\",\"dateModified\":\"2024-08-19T18:14:19+00:00\",\"breadcrumb\":{\"@id\":\"https:\/\/pacificgenomics.cl\/psiquiatria\/#breadcrumb\"},\"inLanguage\":\"en-US\",\"potentialAction\":[{\"@type\":\"ReadAction\",\"target\":[\"https:\/\/pacificgenomics.cl\/psiquiatria\/\"]}]},{\"@type\":\"BreadcrumbList\",\"@id\":\"https:\/\/pacificgenomics.cl\/psiquiatria\/#breadcrumb\",\"itemListElement\":[{\"@type\":\"ListItem\",\"position\":1,\"name\":\"Inicio\",\"item\":\"https:\/\/pacificgenomics.cl\/\"},{\"@type\":\"ListItem\",\"position\":2,\"name\":\"Psiquiatr\u00eda\"}]},{\"@type\":\"WebSite\",\"@id\":\"https:\/\/pacificgenomics.cl\/#website\",\"url\":\"https:\/\/pacificgenomics.cl\/\",\"name\":\"Pacific Genomics\",\"description\":\"Accede a las Pruebas Diagn\u00f3sticas M\u00e1s Avanzadas del Mundo\",\"publisher\":{\"@id\":\"https:\/\/pacificgenomics.cl\/#organization\"},\"potentialAction\":[{\"@type\":\"SearchAction\",\"target\":{\"@type\":\"EntryPoint\",\"urlTemplate\":\"https:\/\/pacificgenomics.cl\/?s={search_term_string}\"},\"query-input\":{\"@type\":\"PropertyValueSpecification\",\"valueRequired\":true,\"valueName\":\"search_term_string\"}}],\"inLanguage\":\"en-US\"},{\"@type\":\"Organization\",\"@id\":\"https:\/\/pacificgenomics.cl\/#organization\",\"name\":\"Pacific Genomics\",\"url\":\"https:\/\/pacificgenomics.cl\/\",\"logo\":{\"@type\":\"ImageObject\",\"inLanguage\":\"en-US\",\"@id\":\"https:\/\/pacificgenomics.cl\/#\/schema\/logo\/image\/\",\"url\":\"https:\/\/pacificgenomics.cl\/wp-content\/uploads\/2024\/07\/logo-pacificgenomics.svg\",\"contentUrl\":\"https:\/\/pacificgenomics.cl\/wp-content\/uploads\/2024\/07\/logo-pacificgenomics.svg\",\"width\":147,\"height\":98,\"caption\":\"Pacific Genomics\"},\"image\":{\"@id\":\"https:\/\/pacificgenomics.cl\/#\/schema\/logo\/image\/\"}}]}<\/script>\n<!-- \/ Yoast SEO plugin. -->","yoast_head_json":{"title":"Psiquiatr\u00eda - Pacific Genomics","robots":{"index":"index","follow":"follow","max-snippet":"max-snippet:-1","max-image-preview":"max-image-preview:large","max-video-preview":"max-video-preview:-1"},"canonical":"https:\/\/pacificgenomics.cl\/en\/psiquiatria\/","og_locale":"en_US","og_type":"article","og_title":"Psiquiatr\u00eda - Pacific Genomics","og_description":"Psiquiatr\u00eda Detalles sobre nuestros test Test Genomind Professional PGx Genomind Professional PGx \u2013 Genomind Por m\u00e1s informaci\u00f3n realice clic aqu\u00ed","og_url":"https:\/\/pacificgenomics.cl\/en\/psiquiatria\/","og_site_name":"Pacific Genomics","article_modified_time":"2024-08-19T18:14:19+00:00","twitter_card":"summary_large_image","twitter_misc":{"Est. reading time":"1 minute"},"schema":{"@context":"https:\/\/schema.org","@graph":[{"@type":"WebPage","@id":"https:\/\/pacificgenomics.cl\/psiquiatria\/","url":"https:\/\/pacificgenomics.cl\/psiquiatria\/","name":"Psiquiatr\u00eda - Pacific Genomics","isPartOf":{"@id":"https:\/\/pacificgenomics.cl\/#website"},"datePublished":"2024-08-19T18:10:51+00:00","dateModified":"2024-08-19T18:14:19+00:00","breadcrumb":{"@id":"https:\/\/pacificgenomics.cl\/psiquiatria\/#breadcrumb"},"inLanguage":"en-US","potentialAction":[{"@type":"ReadAction","target":["https:\/\/pacificgenomics.cl\/psiquiatria\/"]}]},{"@type":"BreadcrumbList","@id":"https:\/\/pacificgenomics.cl\/psiquiatria\/#breadcrumb","itemListElement":[{"@type":"ListItem","position":1,"name":"Inicio","item":"https:\/\/pacificgenomics.cl\/"},{"@type":"ListItem","position":2,"name":"Psiquiatr\u00eda"}]},{"@type":"WebSite","@id":"https:\/\/pacificgenomics.cl\/#website","url":"https:\/\/pacificgenomics.cl\/","name":"Pacific Genomics","description":"Accede a las Pruebas Diagn\u00f3sticas M\u00e1s Avanzadas del Mundo","publisher":{"@id":"https:\/\/pacificgenomics.cl\/#organization"},"potentialAction":[{"@type":"SearchAction","target":{"@type":"EntryPoint","urlTemplate":"https:\/\/pacificgenomics.cl\/?s={search_term_string}"},"query-input":{"@type":"PropertyValueSpecification","valueRequired":true,"valueName":"search_term_string"}}],"inLanguage":"en-US"},{"@type":"Organization","@id":"https:\/\/pacificgenomics.cl\/#organization","name":"Pacific Genomics","url":"https:\/\/pacificgenomics.cl\/","logo":{"@type":"ImageObject","inLanguage":"en-US","@id":"https:\/\/pacificgenomics.cl\/#\/schema\/logo\/image\/","url":"https:\/\/pacificgenomics.cl\/wp-content\/uploads\/2024\/07\/logo-pacificgenomics.svg","contentUrl":"https:\/\/pacificgenomics.cl\/wp-content\/uploads\/2024\/07\/logo-pacificgenomics.svg","width":147,"height":98,"caption":"Pacific Genomics"},"image":{"@id":"https:\/\/pacificgenomics.cl\/#\/schema\/logo\/image\/"}}]}},"_links":{"self":[{"href":"https:\/\/pacificgenomics.cl\/en\/wp-json\/wp\/v2\/pages\/690","targetHints":{"allow":["GET"]}}],"collection":[{"href":"https:\/\/pacificgenomics.cl\/en\/wp-json\/wp\/v2\/pages"}],"about":[{"href":"https:\/\/pacificgenomics.cl\/en\/wp-json\/wp\/v2\/types\/page"}],"author":[{"embeddable":true,"href":"https:\/\/pacificgenomics.cl\/en\/wp-json\/wp\/v2\/users\/1"}],"replies":[{"embeddable":true,"href":"https:\/\/pacificgenomics.cl\/en\/wp-json\/wp\/v2\/comments?post=690"}],"version-history":[{"count":10,"href":"https:\/\/pacificgenomics.cl\/en\/wp-json\/wp\/v2\/pages\/690\/revisions"}],"predecessor-version":[{"id":701,"href":"https:\/\/pacificgenomics.cl\/en\/wp-json\/wp\/v2\/pages\/690\/revisions\/701"}],"wp:attachment":[{"href":"https:\/\/pacificgenomics.cl\/en\/wp-json\/wp\/v2\/media?parent=690"}],"curies":[{"name":"wp","href":"https:\/\/api.w.org\/{rel}","templated":true}]}}