{"id":684,"date":"2024-08-19T15:06:17","date_gmt":"2024-08-19T18:06:17","guid":{"rendered":"https:\/\/pacificgenomics.cl\/?page_id=684"},"modified":"2024-08-19T15:09:57","modified_gmt":"2024-08-19T18:09:57","slug":"endocrinologia","status":"publish","type":"page","link":"https:\/\/pacificgenomics.cl\/en\/endocrinologia\/","title":{"rendered":"Endocrinology"},"content":{"rendered":"\t\t<div data-elementor-type=\"wp-page\" data-elementor-id=\"684\" class=\"elementor elementor-684\" data-elementor-post-type=\"page\">\n\t\t\t\t<div class=\"elementor-element elementor-element-3bfd19e1 e-flex e-con-boxed e-con e-parent\" data-id=\"3bfd19e1\" data-element_type=\"container\" data-e-type=\"container\" data-settings=\"{&quot;background_background&quot;:&quot;classic&quot;}\">\n\t\t\t\t\t<div class=\"e-con-inner\">\n\t\t\t\t<div class=\"elementor-element elementor-element-1d5f2dc0 elementor-widget elementor-widget-heading\" data-id=\"1d5f2dc0\" data-element_type=\"widget\" data-e-type=\"widget\" data-widget_type=\"heading.default\">\n\t\t\t\t<div class=\"elementor-widget-container\">\n\t\t\t\t\t<h2 class=\"elementor-heading-title elementor-size-default\">Endocrinolog\u00eda<\/h2>\t\t\t\t<\/div>\n\t\t\t\t<\/div>\n\t\t\t\t<div class=\"elementor-element elementor-element-6836f9d7 elementor-widget elementor-widget-text-editor\" data-id=\"6836f9d7\" data-element_type=\"widget\" data-e-type=\"widget\" data-widget_type=\"text-editor.default\">\n\t\t\t\t<div class=\"elementor-widget-container\">\n\t\t\t\t\t\t\t\t\t<p>Detalles sobre nuestros test<\/p>\t\t\t\t\t\t\t\t<\/div>\n\t\t\t\t<\/div>\n\t\t\t\t\t<\/div>\n\t\t\t\t<\/div>\n\t\t<div class=\"elementor-element elementor-element-328ece6b e-flex e-con-boxed e-con e-parent\" data-id=\"328ece6b\" data-element_type=\"container\" data-e-type=\"container\">\n\t\t\t\t\t<div class=\"e-con-inner\">\n\t\t\t\t<div class=\"elementor-element elementor-element-704540e9 elementor-widget elementor-widget-breadcrumbs\" data-id=\"704540e9\" data-element_type=\"widget\" data-e-type=\"widget\" data-widget_type=\"breadcrumbs.default\">\n\t\t\t\t<div class=\"elementor-widget-container\">\n\t\t\t\t\t<nav id=\"breadcrumbs\"><span><span><a href=\"https:\/\/pacificgenomics.cl\/\">Inicio<\/a><\/span><\/span><\/nav>\t\t\t\t<\/div>\n\t\t\t\t<\/div>\n\t\t\t\t\t<\/div>\n\t\t\t\t<\/div>\n\t\t<div class=\"elementor-element elementor-element-5f4e61ad e-flex e-con-boxed e-con e-parent\" data-id=\"5f4e61ad\" data-element_type=\"container\" data-e-type=\"container\">\n\t\t\t\t\t<div class=\"e-con-inner\">\n\t\t<div class=\"elementor-element elementor-element-2fd9f63c e-con-full test-menu e-flex e-con e-child\" data-id=\"2fd9f63c\" data-element_type=\"container\" data-e-type=\"container\">\n\t\t\t\t<div class=\"elementor-element elementor-element-3e9a130b elementor-widget elementor-widget-html\" data-id=\"3e9a130b\" data-element_type=\"widget\" data-e-type=\"widget\" data-widget_type=\"html.default\">\n\t\t\t\t<div class=\"elementor-widget-container\">\n\t\t\t\t\t<style>\r\n    \r\n    .test-menu button {\r\n        border: none;\r\n        padding: 0;\r\n    }\r\n    .test-menu button .elementor-button-content-wrapper {\r\n        gap: 14px;\r\n    }\r\n    .test-menu button {\r\n        font-family: \"Poppins\", Sans-serif;\r\n        font-size: 16px;\r\n        font-weight: 400;\r\n        line-height: 36px;\r\n        fill: #8acbe1;\r\n        color: #8acbe1;\r\n    }\r\n    .test-menu button:hover, .test-menu button:focus {\r\n        fill: #7a7a7a;\r\n        color: #7a7a7a;\r\n        background: none;\r\n    }\r\n<\/style>\r\n<script>\r\n\r\n    function myFunction(testName) {\r\n        var i;\r\n        var x = document.getElementsByClassName(\"test-content\");\r\n        for (i = 0; i < x.length; i++) {\r\n            x[i].style.display = \"none\";\r\n        }\r\n        document.getElementById(testName).style.display = \"flex\";\r\n    }\r\n\r\n<\/script>\r\n\t\t\t\t<\/div>\n\t\t\t\t<\/div>\n\t\t\t\t<div class=\"elementor-element elementor-element-6f24adb2 elementor-widget elementor-widget-heading\" data-id=\"6f24adb2\" data-element_type=\"widget\" data-e-type=\"widget\" data-widget_type=\"heading.default\">\n\t\t\t\t<div class=\"elementor-widget-container\">\n\t\t\t\t\t<h2 class=\"elementor-heading-title elementor-size-default\">Test<\/h2>\t\t\t\t<\/div>\n\t\t\t\t<\/div>\n\t\t\t\t<div class=\"elementor-element elementor-element-7d0ce3a2 elementor-widget-divider--view-line elementor-widget elementor-widget-divider\" data-id=\"7d0ce3a2\" data-element_type=\"widget\" data-e-type=\"widget\" data-widget_type=\"divider.default\">\n\t\t\t\t<div class=\"elementor-widget-container\">\n\t\t\t\t\t\t\t<div class=\"elementor-divider\">\n\t\t\t<span class=\"elementor-divider-separator\">\n\t\t\t\t\t\t<\/span>\n\t\t<\/div>\n\t\t\t\t\t\t<\/div>\n\t\t\t\t<\/div>\n\t\t\t\t<div class=\"elementor-element elementor-element-1f34476e elementor-widget elementor-widget-html\" data-id=\"1f34476e\" data-element_type=\"widget\" data-e-type=\"widget\" data-widget_type=\"html.default\">\n\t\t\t\t<div class=\"elementor-widget-container\">\n\t\t\t\t\t<button onclick=\"myFunction('afirma')\"><span class=\"elementor-button-content-wrapper\"><span class=\"elementor-button-icon\"><svg aria-hidden=\"true\" class=\"e-font-icon-svg e-fas-arrow-right\" viewBox=\"0 0 448 512\" xmlns=\"http:\/\/www.w3.org\/2000\/svg\"><path d=\"M190.5 66.9l22.2-22.2c9.4-9.4 24.6-9.4 33.9 0L441 239c9.4 9.4 9.4 24.6 0 33.9L246.6 467.3c-9.4 9.4-24.6 9.4-33.9 0l-22.2-22.2c-9.5-9.5-9.3-25 .4-34.3L311.4 296H24c-13.3 0-24-10.7-24-24v-32c0-13.3 10.7-24 24-24h287.4L190.9 101.2c-9.8-9.3-10-24.8-.4-34.3z\"><\/path><\/svg>\t\t\t<\/span><span class=\"elementor-button-text\">Afirma (Xpression Atlas) - Veracyte<\/span><\/span><\/button>\t\t\t\t<\/div>\n\t\t\t\t<\/div>\n\t\t\t\t<div class=\"elementor-element elementor-element-22bdddf2 elementor-widget-divider--view-line elementor-widget elementor-widget-divider\" data-id=\"22bdddf2\" data-element_type=\"widget\" data-e-type=\"widget\" data-widget_type=\"divider.default\">\n\t\t\t\t<div class=\"elementor-widget-container\">\n\t\t\t\t\t\t\t<div class=\"elementor-divider\">\n\t\t\t<span class=\"elementor-divider-separator\">\n\t\t\t\t\t\t<\/span>\n\t\t<\/div>\n\t\t\t\t\t\t<\/div>\n\t\t\t\t<\/div>\n\t\t\t\t<div class=\"elementor-element elementor-element-1bef8db1 elementor-widget elementor-widget-html\" data-id=\"1bef8db1\" data-element_type=\"widget\" data-e-type=\"widget\" data-widget_type=\"html.default\">\n\t\t\t\t<div class=\"elementor-widget-container\">\n\t\t\t\t\t<button onclick=\"myFunction('mirthype')\"><span class=\"elementor-button-content-wrapper\"><span class=\"elementor-button-icon\"><svg aria-hidden=\"true\" class=\"e-font-icon-svg e-fas-arrow-right\" viewBox=\"0 0 448 512\" xmlns=\"http:\/\/www.w3.org\/2000\/svg\"><path d=\"M190.5 66.9l22.2-22.2c9.4-9.4 24.6-9.4 33.9 0L441 239c9.4 9.4 9.4 24.6 0 33.9L246.6 467.3c-9.4 9.4-24.6 9.4-33.9 0l-22.2-22.2c-9.5-9.5-9.3-25 .4-34.3L311.4 296H24c-13.3 0-24-10.7-24-24v-32c0-13.3 10.7-24 24-24h287.4L190.9 101.2c-9.8-9.3-10-24.8-.4-34.3z\"><\/path><\/svg>\t\t\t<\/span><span class=\"elementor-button-text\">mirTHYpe  - Onkos<\/span><\/span><\/button>\t\t\t\t<\/div>\n\t\t\t\t<\/div>\n\t\t\t\t<div class=\"elementor-element elementor-element-2aa1d470 elementor-widget-divider--view-line elementor-widget elementor-widget-divider\" data-id=\"2aa1d470\" data-element_type=\"widget\" data-e-type=\"widget\" data-widget_type=\"divider.default\">\n\t\t\t\t<div class=\"elementor-widget-container\">\n\t\t\t\t\t\t\t<div class=\"elementor-divider\">\n\t\t\t<span class=\"elementor-divider-separator\">\n\t\t\t\t\t\t<\/span>\n\t\t<\/div>\n\t\t\t\t\t\t<\/div>\n\t\t\t\t<\/div>\n\t\t\t\t<\/div>\n\t\t<div class=\"elementor-element elementor-element-7e85de38 e-con-full test-container e-flex e-con e-child\" data-id=\"7e85de38\" data-element_type=\"container\" data-e-type=\"container\">\n\t\t<div class=\"elementor-element elementor-element-7466428e e-con-full test-content e-flex e-con e-child\" data-id=\"7466428e\" data-element_type=\"container\" data-e-type=\"container\" id=\"afirma\">\n\t\t\t\t<div class=\"elementor-element elementor-element-e06579d elementor-widget elementor-widget-heading\" data-id=\"e06579d\" data-element_type=\"widget\" data-e-type=\"widget\" data-widget_type=\"heading.default\">\n\t\t\t\t<div class=\"elementor-widget-container\">\n\t\t\t\t\t<h2 class=\"elementor-heading-title elementor-size-default\">Afirma (Xpression Atlas) - Veracyte<\/h2>\t\t\t\t<\/div>\n\t\t\t\t<\/div>\n\t\t\t\t<div class=\"elementor-element elementor-element-f03a9c6 elementor-widget elementor-widget-button\" data-id=\"f03a9c6\" data-element_type=\"widget\" data-e-type=\"widget\" data-widget_type=\"button.default\">\n\t\t\t\t<div class=\"elementor-widget-container\">\n\t\t\t\t\t\t\t\t\t<div class=\"elementor-button-wrapper\">\n\t\t\t\t\t<a class=\"elementor-button elementor-button-link elementor-size-sm\" href=\"https:\/\/www.veracyte.com\/afirma\/\" target=\"_blank\">\n\t\t\t\t\t\t<span class=\"elementor-button-content-wrapper\">\n\t\t\t\t\t\t\t\t\t<span class=\"elementor-button-text\">Por m\u00e1s informaci\u00f3n realice clic aqu\u00ed<\/span>\n\t\t\t\t\t<\/span>\n\t\t\t\t\t<\/a>\n\t\t\t\t<\/div>\n\t\t\t\t\t\t\t\t<\/div>\n\t\t\t\t<\/div>\n\t\t\t\t<\/div>\n\t\t<div class=\"elementor-element elementor-element-2c3a2c91 e-con-full test-content e-flex e-con e-child\" data-id=\"2c3a2c91\" data-element_type=\"container\" data-e-type=\"container\" id=\"mirthype\" style=\"display:none\">\n\t\t\t\t<div class=\"elementor-element elementor-element-21ce1ad6 elementor-widget elementor-widget-heading\" data-id=\"21ce1ad6\" data-element_type=\"widget\" data-e-type=\"widget\" data-widget_type=\"heading.default\">\n\t\t\t\t<div class=\"elementor-widget-container\">\n\t\t\t\t\t<h2 class=\"elementor-heading-title elementor-size-default\">mirTHYpe  - Onkos<\/h2>\t\t\t\t<\/div>\n\t\t\t\t<\/div>\n\t\t\t\t<div class=\"elementor-element elementor-element-a0cc350 elementor-widget elementor-widget-button\" data-id=\"a0cc350\" data-element_type=\"widget\" data-e-type=\"widget\" data-widget_type=\"button.default\">\n\t\t\t\t<div class=\"elementor-widget-container\">\n\t\t\t\t\t\t\t\t\t<div class=\"elementor-button-wrapper\">\n\t\t\t\t\t<a class=\"elementor-button elementor-button-link elementor-size-sm\" href=\"https:\/\/www.onkos.com.br\/es\/mir-thype-3\/\" target=\"_blank\">\n\t\t\t\t\t\t<span class=\"elementor-button-content-wrapper\">\n\t\t\t\t\t\t\t\t\t<span class=\"elementor-button-text\">Por m\u00e1s informaci\u00f3n realice clic aqu\u00ed<\/span>\n\t\t\t\t\t<\/span>\n\t\t\t\t\t<\/a>\n\t\t\t\t<\/div>\n\t\t\t\t\t\t\t\t<\/div>\n\t\t\t\t<\/div>\n\t\t\t\t<\/div>\n\t\t\t\t<\/div>\n\t\t\t\t\t<\/div>\n\t\t\t\t<\/div>\n\t\t\t\t<\/div>\n\t\t","protected":false},"excerpt":{"rendered":"<p>Endocrinolog\u00eda Detalles sobre nuestros test Test Afirma (Xpression Atlas) &#8211; Veracyte mirTHYpe &#8211; Onkos Afirma (Xpression Atlas) &#8211; Veracyte Por m\u00e1s informaci\u00f3n realice clic aqu\u00ed mirTHYpe &#8211; Onkos Por m\u00e1s informaci\u00f3n realice clic aqu\u00ed<\/p>","protected":false},"author":1,"featured_media":0,"parent":0,"menu_order":0,"comment_status":"closed","ping_status":"closed","template":"","meta":{"footnotes":""},"class_list":["post-684","page","type-page","status-publish","hentry"],"yoast_head":"<!-- This site is optimized with the Yoast SEO plugin v27.1.1 - https:\/\/yoast.com\/product\/yoast-seo-wordpress\/ -->\n<title>Endocrinolog\u00eda - Pacific Genomics<\/title>\n<meta name=\"robots\" content=\"index, follow, max-snippet:-1, max-image-preview:large, max-video-preview:-1\" \/>\n<link rel=\"canonical\" href=\"https:\/\/pacificgenomics.cl\/en\/endocrinologia\/\" \/>\n<meta property=\"og:locale\" content=\"en_US\" \/>\n<meta property=\"og:type\" content=\"article\" \/>\n<meta property=\"og:title\" content=\"Endocrinolog\u00eda - Pacific Genomics\" \/>\n<meta property=\"og:description\" content=\"Endocrinolog\u00eda Detalles sobre nuestros test Test Afirma (Xpression Atlas) &#8211; Veracyte mirTHYpe &#8211; Onkos Afirma (Xpression Atlas) &#8211; Veracyte Por m\u00e1s informaci\u00f3n realice clic aqu\u00ed mirTHYpe &#8211; Onkos Por m\u00e1s informaci\u00f3n realice clic aqu\u00ed\" \/>\n<meta property=\"og:url\" content=\"https:\/\/pacificgenomics.cl\/en\/endocrinologia\/\" \/>\n<meta property=\"og:site_name\" content=\"Pacific Genomics\" \/>\n<meta property=\"article:modified_time\" content=\"2024-08-19T18:09:57+00:00\" \/>\n<meta name=\"twitter:card\" content=\"summary_large_image\" \/>\n<meta name=\"twitter:label1\" content=\"Est. reading time\" \/>\n\t<meta name=\"twitter:data1\" content=\"1 minute\" \/>\n<script type=\"application\/ld+json\" class=\"yoast-schema-graph\">{\"@context\":\"https:\/\/schema.org\",\"@graph\":[{\"@type\":\"WebPage\",\"@id\":\"https:\/\/pacificgenomics.cl\/endocrinologia\/\",\"url\":\"https:\/\/pacificgenomics.cl\/endocrinologia\/\",\"name\":\"Endocrinolog\u00eda - Pacific Genomics\",\"isPartOf\":{\"@id\":\"https:\/\/pacificgenomics.cl\/#website\"},\"datePublished\":\"2024-08-19T18:06:17+00:00\",\"dateModified\":\"2024-08-19T18:09:57+00:00\",\"breadcrumb\":{\"@id\":\"https:\/\/pacificgenomics.cl\/endocrinologia\/#breadcrumb\"},\"inLanguage\":\"en-US\",\"potentialAction\":[{\"@type\":\"ReadAction\",\"target\":[\"https:\/\/pacificgenomics.cl\/endocrinologia\/\"]}]},{\"@type\":\"BreadcrumbList\",\"@id\":\"https:\/\/pacificgenomics.cl\/endocrinologia\/#breadcrumb\",\"itemListElement\":[{\"@type\":\"ListItem\",\"position\":1,\"name\":\"Inicio\",\"item\":\"https:\/\/pacificgenomics.cl\/\"},{\"@type\":\"ListItem\",\"position\":2,\"name\":\"Endocrinolog\u00eda\"}]},{\"@type\":\"WebSite\",\"@id\":\"https:\/\/pacificgenomics.cl\/#website\",\"url\":\"https:\/\/pacificgenomics.cl\/\",\"name\":\"Pacific Genomics\",\"description\":\"Accede a las Pruebas Diagn\u00f3sticas M\u00e1s Avanzadas del Mundo\",\"publisher\":{\"@id\":\"https:\/\/pacificgenomics.cl\/#organization\"},\"potentialAction\":[{\"@type\":\"SearchAction\",\"target\":{\"@type\":\"EntryPoint\",\"urlTemplate\":\"https:\/\/pacificgenomics.cl\/?s={search_term_string}\"},\"query-input\":{\"@type\":\"PropertyValueSpecification\",\"valueRequired\":true,\"valueName\":\"search_term_string\"}}],\"inLanguage\":\"en-US\"},{\"@type\":\"Organization\",\"@id\":\"https:\/\/pacificgenomics.cl\/#organization\",\"name\":\"Pacific Genomics\",\"url\":\"https:\/\/pacificgenomics.cl\/\",\"logo\":{\"@type\":\"ImageObject\",\"inLanguage\":\"en-US\",\"@id\":\"https:\/\/pacificgenomics.cl\/#\/schema\/logo\/image\/\",\"url\":\"https:\/\/pacificgenomics.cl\/wp-content\/uploads\/2024\/07\/logo-pacificgenomics.svg\",\"contentUrl\":\"https:\/\/pacificgenomics.cl\/wp-content\/uploads\/2024\/07\/logo-pacificgenomics.svg\",\"width\":147,\"height\":98,\"caption\":\"Pacific Genomics\"},\"image\":{\"@id\":\"https:\/\/pacificgenomics.cl\/#\/schema\/logo\/image\/\"}}]}<\/script>\n<!-- \/ Yoast SEO plugin. -->","yoast_head_json":{"title":"Endocrinolog\u00eda - Pacific Genomics","robots":{"index":"index","follow":"follow","max-snippet":"max-snippet:-1","max-image-preview":"max-image-preview:large","max-video-preview":"max-video-preview:-1"},"canonical":"https:\/\/pacificgenomics.cl\/en\/endocrinologia\/","og_locale":"en_US","og_type":"article","og_title":"Endocrinolog\u00eda - Pacific Genomics","og_description":"Endocrinolog\u00eda Detalles sobre nuestros test Test Afirma (Xpression Atlas) &#8211; Veracyte mirTHYpe &#8211; Onkos Afirma (Xpression Atlas) &#8211; Veracyte Por m\u00e1s informaci\u00f3n realice clic aqu\u00ed mirTHYpe &#8211; Onkos Por m\u00e1s informaci\u00f3n realice clic aqu\u00ed","og_url":"https:\/\/pacificgenomics.cl\/en\/endocrinologia\/","og_site_name":"Pacific Genomics","article_modified_time":"2024-08-19T18:09:57+00:00","twitter_card":"summary_large_image","twitter_misc":{"Est. reading time":"1 minute"},"schema":{"@context":"https:\/\/schema.org","@graph":[{"@type":"WebPage","@id":"https:\/\/pacificgenomics.cl\/endocrinologia\/","url":"https:\/\/pacificgenomics.cl\/endocrinologia\/","name":"Endocrinolog\u00eda - Pacific Genomics","isPartOf":{"@id":"https:\/\/pacificgenomics.cl\/#website"},"datePublished":"2024-08-19T18:06:17+00:00","dateModified":"2024-08-19T18:09:57+00:00","breadcrumb":{"@id":"https:\/\/pacificgenomics.cl\/endocrinologia\/#breadcrumb"},"inLanguage":"en-US","potentialAction":[{"@type":"ReadAction","target":["https:\/\/pacificgenomics.cl\/endocrinologia\/"]}]},{"@type":"BreadcrumbList","@id":"https:\/\/pacificgenomics.cl\/endocrinologia\/#breadcrumb","itemListElement":[{"@type":"ListItem","position":1,"name":"Inicio","item":"https:\/\/pacificgenomics.cl\/"},{"@type":"ListItem","position":2,"name":"Endocrinolog\u00eda"}]},{"@type":"WebSite","@id":"https:\/\/pacificgenomics.cl\/#website","url":"https:\/\/pacificgenomics.cl\/","name":"Pacific Genomics","description":"Accede a las Pruebas Diagn\u00f3sticas M\u00e1s Avanzadas del Mundo","publisher":{"@id":"https:\/\/pacificgenomics.cl\/#organization"},"potentialAction":[{"@type":"SearchAction","target":{"@type":"EntryPoint","urlTemplate":"https:\/\/pacificgenomics.cl\/?s={search_term_string}"},"query-input":{"@type":"PropertyValueSpecification","valueRequired":true,"valueName":"search_term_string"}}],"inLanguage":"en-US"},{"@type":"Organization","@id":"https:\/\/pacificgenomics.cl\/#organization","name":"Pacific Genomics","url":"https:\/\/pacificgenomics.cl\/","logo":{"@type":"ImageObject","inLanguage":"en-US","@id":"https:\/\/pacificgenomics.cl\/#\/schema\/logo\/image\/","url":"https:\/\/pacificgenomics.cl\/wp-content\/uploads\/2024\/07\/logo-pacificgenomics.svg","contentUrl":"https:\/\/pacificgenomics.cl\/wp-content\/uploads\/2024\/07\/logo-pacificgenomics.svg","width":147,"height":98,"caption":"Pacific Genomics"},"image":{"@id":"https:\/\/pacificgenomics.cl\/#\/schema\/logo\/image\/"}}]}},"_links":{"self":[{"href":"https:\/\/pacificgenomics.cl\/en\/wp-json\/wp\/v2\/pages\/684","targetHints":{"allow":["GET"]}}],"collection":[{"href":"https:\/\/pacificgenomics.cl\/en\/wp-json\/wp\/v2\/pages"}],"about":[{"href":"https:\/\/pacificgenomics.cl\/en\/wp-json\/wp\/v2\/types\/page"}],"author":[{"embeddable":true,"href":"https:\/\/pacificgenomics.cl\/en\/wp-json\/wp\/v2\/users\/1"}],"replies":[{"embeddable":true,"href":"https:\/\/pacificgenomics.cl\/en\/wp-json\/wp\/v2\/comments?post=684"}],"version-history":[{"count":4,"href":"https:\/\/pacificgenomics.cl\/en\/wp-json\/wp\/v2\/pages\/684\/revisions"}],"predecessor-version":[{"id":689,"href":"https:\/\/pacificgenomics.cl\/en\/wp-json\/wp\/v2\/pages\/684\/revisions\/689"}],"wp:attachment":[{"href":"https:\/\/pacificgenomics.cl\/en\/wp-json\/wp\/v2\/media?parent=684"}],"curies":[{"name":"wp","href":"https:\/\/api.w.org\/{rel}","templated":true}]}}