{"id":647,"date":"2024-08-19T14:25:54","date_gmt":"2024-08-19T17:25:54","guid":{"rendered":"https:\/\/pacificgenomics.cl\/?page_id=647"},"modified":"2025-08-05T11:49:51","modified_gmt":"2025-08-05T14:49:51","slug":"oncologia","status":"publish","type":"page","link":"https:\/\/pacificgenomics.cl\/en\/oncologia\/","title":{"rendered":"Oncology"},"content":{"rendered":"\t\t<div data-elementor-type=\"wp-page\" data-elementor-id=\"647\" class=\"elementor elementor-647\" data-elementor-post-type=\"page\">\n\t\t\t\t<div class=\"elementor-element elementor-element-698740cc e-flex e-con-boxed e-con e-parent\" data-id=\"698740cc\" data-element_type=\"container\" data-e-type=\"container\" data-settings=\"{&quot;background_background&quot;:&quot;classic&quot;}\">\n\t\t\t\t\t<div class=\"e-con-inner\">\n\t\t\t\t<div class=\"elementor-element elementor-element-4fffd899 elementor-widget elementor-widget-heading\" data-id=\"4fffd899\" data-element_type=\"widget\" data-e-type=\"widget\" data-widget_type=\"heading.default\">\n\t\t\t\t<div class=\"elementor-widget-container\">\n\t\t\t\t\t<h2 class=\"elementor-heading-title elementor-size-default\">Oncolog\u00eda<\/h2>\t\t\t\t<\/div>\n\t\t\t\t<\/div>\n\t\t\t\t<div class=\"elementor-element elementor-element-659d310b elementor-widget elementor-widget-text-editor\" data-id=\"659d310b\" data-element_type=\"widget\" data-e-type=\"widget\" data-widget_type=\"text-editor.default\">\n\t\t\t\t<div class=\"elementor-widget-container\">\n\t\t\t\t\t\t\t\t\t<p>Detalles sobre nuestros test<\/p>\t\t\t\t\t\t\t\t<\/div>\n\t\t\t\t<\/div>\n\t\t\t\t\t<\/div>\n\t\t\t\t<\/div>\n\t\t<div class=\"elementor-element elementor-element-4ce27658 e-flex e-con-boxed e-con e-parent\" data-id=\"4ce27658\" data-element_type=\"container\" data-e-type=\"container\">\n\t\t\t\t\t<div class=\"e-con-inner\">\n\t\t\t\t<div class=\"elementor-element elementor-element-4a2df095 elementor-widget elementor-widget-breadcrumbs\" data-id=\"4a2df095\" data-element_type=\"widget\" data-e-type=\"widget\" data-widget_type=\"breadcrumbs.default\">\n\t\t\t\t<div class=\"elementor-widget-container\">\n\t\t\t\t\t<nav id=\"breadcrumbs\"><span><span><a href=\"https:\/\/pacificgenomics.cl\/\">Inicio<\/a><\/span><\/span><\/nav>\t\t\t\t<\/div>\n\t\t\t\t<\/div>\n\t\t\t\t\t<\/div>\n\t\t\t\t<\/div>\n\t\t<div class=\"elementor-element elementor-element-209723d7 e-flex e-con-boxed e-con e-parent\" data-id=\"209723d7\" data-element_type=\"container\" data-e-type=\"container\">\n\t\t\t\t\t<div class=\"e-con-inner\">\n\t\t<div class=\"elementor-element elementor-element-4492a113 e-con-full test-menu e-flex e-con e-child\" data-id=\"4492a113\" data-element_type=\"container\" data-e-type=\"container\">\n\t\t\t\t<div class=\"elementor-element elementor-element-7d496f2a elementor-widget elementor-widget-html\" data-id=\"7d496f2a\" data-element_type=\"widget\" data-e-type=\"widget\" data-widget_type=\"html.default\">\n\t\t\t\t<div class=\"elementor-widget-container\">\n\t\t\t\t\t<style>\r\n    \r\n    .test-menu button {\r\n        border: none;\r\n        padding: 0;\r\n    }\r\n    .test-menu button .elementor-button-content-wrapper {\r\n        gap: 14px;\r\n    }\r\n    .test-menu button {\r\n        font-family: \"Poppins\", Sans-serif;\r\n        font-size: 16px;\r\n        font-weight: 400;\r\n        line-height: 36px;\r\n        fill: #8acbe1;\r\n        color: #8acbe1;\r\n    }\r\n    .test-menu button:hover, .test-menu button:focus {\r\n        fill: #7a7a7a;\r\n        color: #7a7a7a;\r\n        background: none;\r\n    }\r\n<\/style>\r\n<script>\r\n\r\n    function myFunction(testName) {\r\n        var i;\r\n        var x = document.getElementsByClassName(\"test-content\");\r\n        for (i = 0; i < x.length; i++) {\r\n            x[i].style.display = \"none\";\r\n        }\r\n        document.getElementById(testName).style.display = \"flex\";\r\n    }\r\n\r\n<\/script>\r\n\t\t\t\t<\/div>\n\t\t\t\t<\/div>\n\t\t\t\t<div class=\"elementor-element elementor-element-772adb7d elementor-widget elementor-widget-heading\" data-id=\"772adb7d\" data-element_type=\"widget\" data-e-type=\"widget\" data-widget_type=\"heading.default\">\n\t\t\t\t<div class=\"elementor-widget-container\">\n\t\t\t\t\t<h2 class=\"elementor-heading-title elementor-size-default\">Test<\/h2>\t\t\t\t<\/div>\n\t\t\t\t<\/div>\n\t\t\t\t<div class=\"elementor-element elementor-element-4cf0899e elementor-widget-divider--view-line elementor-widget elementor-widget-divider\" data-id=\"4cf0899e\" data-element_type=\"widget\" data-e-type=\"widget\" data-widget_type=\"divider.default\">\n\t\t\t\t<div class=\"elementor-widget-container\">\n\t\t\t\t\t\t\t<div class=\"elementor-divider\">\n\t\t\t<span class=\"elementor-divider-separator\">\n\t\t\t\t\t\t<\/span>\n\t\t<\/div>\n\t\t\t\t\t\t<\/div>\n\t\t\t\t<\/div>\n\t\t\t\t<div class=\"elementor-element elementor-element-6b1bc113 elementor-widget elementor-widget-html\" data-id=\"6b1bc113\" data-element_type=\"widget\" data-e-type=\"widget\" data-widget_type=\"html.default\">\n\t\t\t\t<div class=\"elementor-widget-container\">\n\t\t\t\t\t<button onclick=\"myFunction('sentis-pancancer')\"><span class=\"elementor-button-content-wrapper\"><span class=\"elementor-button-icon\"><svg aria-hidden=\"true\" class=\"e-font-icon-svg e-fas-arrow-right\" viewBox=\"0 0 448 512\" xmlns=\"http:\/\/www.w3.org\/2000\/svg\"><path d=\"M190.5 66.9l22.2-22.2c9.4-9.4 24.6-9.4 33.9 0L441 239c9.4 9.4 9.4 24.6 0 33.9L246.6 467.3c-9.4 9.4-24.6 9.4-33.9 0l-22.2-22.2c-9.5-9.5-9.3-25 .4-34.3L311.4 296H24c-13.3 0-24-10.7-24-24v-32c0-13.3 10.7-24 24-24h287.4L190.9 101.2c-9.8-9.3-10-24.8-.4-34.3z\"><\/path><\/svg>\t\t\t<\/span><span class=\"elementor-button-text\">SENTIS\u2122 Pan-Cancer Discovery - BGI<\/span><\/span><\/button>\t\t\t\t<\/div>\n\t\t\t\t<\/div>\n\t\t\t\t<div class=\"elementor-element elementor-element-77901ab0 elementor-widget-divider--view-line elementor-widget elementor-widget-divider\" data-id=\"77901ab0\" data-element_type=\"widget\" data-e-type=\"widget\" data-widget_type=\"divider.default\">\n\t\t\t\t<div class=\"elementor-widget-container\">\n\t\t\t\t\t\t\t<div class=\"elementor-divider\">\n\t\t\t<span class=\"elementor-divider-separator\">\n\t\t\t\t\t\t<\/span>\n\t\t<\/div>\n\t\t\t\t\t\t<\/div>\n\t\t\t\t<\/div>\n\t\t\t\t<div class=\"elementor-element elementor-element-24a9f730 elementor-widget elementor-widget-html\" data-id=\"24a9f730\" data-element_type=\"widget\" data-e-type=\"widget\" data-widget_type=\"html.default\">\n\t\t\t\t<div class=\"elementor-widget-container\">\n\t\t\t\t\t<button onclick=\"myFunction('oncotype')\"><span class=\"elementor-button-content-wrapper\"><span class=\"elementor-button-icon\"><svg aria-hidden=\"true\" class=\"e-font-icon-svg e-fas-arrow-right\" viewBox=\"0 0 448 512\" xmlns=\"http:\/\/www.w3.org\/2000\/svg\"><path d=\"M190.5 66.9l22.2-22.2c9.4-9.4 24.6-9.4 33.9 0L441 239c9.4 9.4 9.4 24.6 0 33.9L246.6 467.3c-9.4 9.4-24.6 9.4-33.9 0l-22.2-22.2c-9.5-9.5-9.3-25 .4-34.3L311.4 296H24c-13.3 0-24-10.7-24-24v-32c0-13.3 10.7-24 24-24h287.4L190.9 101.2c-9.8-9.3-10-24.8-.4-34.3z\"><\/path><\/svg>\t\t\t<\/span><span class=\"elementor-button-text\">Oncotype Dx Mama \u2013 Exact Sciences<\/span><\/span><\/button>\t\t\t\t<\/div>\n\t\t\t\t<\/div>\n\t\t\t\t<div class=\"elementor-element elementor-element-16c3cf5 elementor-widget-divider--view-line elementor-widget elementor-widget-divider\" data-id=\"16c3cf5\" data-element_type=\"widget\" data-e-type=\"widget\" data-widget_type=\"divider.default\">\n\t\t\t\t<div class=\"elementor-widget-container\">\n\t\t\t\t\t\t\t<div class=\"elementor-divider\">\n\t\t\t<span class=\"elementor-divider-separator\">\n\t\t\t\t\t\t<\/span>\n\t\t<\/div>\n\t\t\t\t\t\t<\/div>\n\t\t\t\t<\/div>\n\t\t\t\t<div class=\"elementor-element elementor-element-556688b elementor-widget elementor-widget-html\" data-id=\"556688b\" data-element_type=\"widget\" data-e-type=\"widget\" data-widget_type=\"html.default\">\n\t\t\t\t<div class=\"elementor-widget-container\">\n\t\t\t\t\t<button onclick=\"myFunction('tempus')\"><span class=\"elementor-button-content-wrapper\"><span class=\"elementor-button-icon\"><svg aria-hidden=\"true\" class=\"e-font-icon-svg e-fas-arrow-right\" viewBox=\"0 0 448 512\" xmlns=\"http:\/\/www.w3.org\/2000\/svg\"><path d=\"M190.5 66.9l22.2-22.2c9.4-9.4 24.6-9.4 33.9 0L441 239c9.4 9.4 9.4 24.6 0 33.9L246.6 467.3c-9.4 9.4-24.6 9.4-33.9 0l-22.2-22.2c-9.5-9.5-9.3-25 .4-34.3L311.4 296H24c-13.3 0-24-10.7-24-24v-32c0-13.3 10.7-24 24-24h287.4L190.9 101.2c-9.8-9.3-10-24.8-.4-34.3z\"><\/path><\/svg>\t\t\t<\/span><span class=\"elementor-button-text\">Tempus AI<\/span><\/span><\/button>\t\t\t\t<\/div>\n\t\t\t\t<\/div>\n\t\t\t\t<div class=\"elementor-element elementor-element-3ca81428 elementor-widget-divider--view-line elementor-widget elementor-widget-divider\" data-id=\"3ca81428\" data-element_type=\"widget\" data-e-type=\"widget\" data-widget_type=\"divider.default\">\n\t\t\t\t<div class=\"elementor-widget-container\">\n\t\t\t\t\t\t\t<div class=\"elementor-divider\">\n\t\t\t<span class=\"elementor-divider-separator\">\n\t\t\t\t\t\t<\/span>\n\t\t<\/div>\n\t\t\t\t\t\t<\/div>\n\t\t\t\t<\/div>\n\t\t\t\t<\/div>\n\t\t<div class=\"elementor-element elementor-element-10f8dd78 e-con-full test-container e-flex e-con e-child\" data-id=\"10f8dd78\" data-element_type=\"container\" data-e-type=\"container\">\n\t\t<div class=\"elementor-element elementor-element-54f833f2 e-con-full test-content e-flex e-con e-child\" data-id=\"54f833f2\" data-element_type=\"container\" data-e-type=\"container\" id=\"sentis-pancancer\">\n\t\t\t\t<div class=\"elementor-element elementor-element-633d4c76 elementor-widget elementor-widget-heading\" data-id=\"633d4c76\" data-element_type=\"widget\" data-e-type=\"widget\" data-widget_type=\"heading.default\">\n\t\t\t\t<div class=\"elementor-widget-container\">\n\t\t\t\t\t<h2 class=\"elementor-heading-title elementor-size-default\">SENTIS\u2122 Pan-Cancer Discovery - BGI<\/h2>\t\t\t\t<\/div>\n\t\t\t\t<\/div>\n\t\t\t\t<div class=\"elementor-element elementor-element-f9dcba4 elementor-widget elementor-widget-button\" data-id=\"f9dcba4\" data-element_type=\"widget\" data-e-type=\"widget\" data-widget_type=\"button.default\">\n\t\t\t\t<div class=\"elementor-widget-container\">\n\t\t\t\t\t\t\t\t\t<div class=\"elementor-button-wrapper\">\n\t\t\t\t\t<a class=\"elementor-button elementor-button-link elementor-size-sm\" href=\"https:\/\/www.bgi.com\/global\/service\/bgi-sentis-cancer-discovery-panel\" target=\"_blank\">\n\t\t\t\t\t\t<span class=\"elementor-button-content-wrapper\">\n\t\t\t\t\t\t\t\t\t<span class=\"elementor-button-text\">Por m\u00e1s informaci\u00f3n realice clic aqu\u00ed<\/span>\n\t\t\t\t\t<\/span>\n\t\t\t\t\t<\/a>\n\t\t\t\t<\/div>\n\t\t\t\t\t\t\t\t<\/div>\n\t\t\t\t<\/div>\n\t\t\t\t<\/div>\n\t\t<div class=\"elementor-element elementor-element-1dd5a0ed e-con-full test-content e-flex e-con e-child\" data-id=\"1dd5a0ed\" data-element_type=\"container\" data-e-type=\"container\" id=\"oncotype\" style=\"display:none\">\n\t\t\t\t<div class=\"elementor-element elementor-element-20d15a0c elementor-widget elementor-widget-heading\" data-id=\"20d15a0c\" data-element_type=\"widget\" data-e-type=\"widget\" data-widget_type=\"heading.default\">\n\t\t\t\t<div class=\"elementor-widget-container\">\n\t\t\t\t\t<h2 class=\"elementor-heading-title elementor-size-default\">ONCOTYPE Dx Mama - Exact Sciences<\/h2>\t\t\t\t<\/div>\n\t\t\t\t<\/div>\n\t\t\t\t<div class=\"elementor-element elementor-element-5b5a93b elementor-widget elementor-widget-button\" data-id=\"5b5a93b\" data-element_type=\"widget\" data-e-type=\"widget\" data-widget_type=\"button.default\">\n\t\t\t\t<div class=\"elementor-widget-container\">\n\t\t\t\t\t\t\t\t\t<div class=\"elementor-button-wrapper\">\n\t\t\t\t\t<a class=\"elementor-button elementor-button-link elementor-size-sm\" href=\"https:\/\/www.oncotypeiq.com\/es\/cancer-de-mama\/pacientes\/stage-i-iiia-invasive\/informacion-sobre-la-prueba\" target=\"_blank\">\n\t\t\t\t\t\t<span class=\"elementor-button-content-wrapper\">\n\t\t\t\t\t\t\t\t\t<span class=\"elementor-button-text\">Por m\u00e1s informaci\u00f3n realice clic aqu\u00ed<\/span>\n\t\t\t\t\t<\/span>\n\t\t\t\t\t<\/a>\n\t\t\t\t<\/div>\n\t\t\t\t\t\t\t\t<\/div>\n\t\t\t\t<\/div>\n\t\t\t\t<\/div>\n\t\t<div class=\"elementor-element elementor-element-e241c31 e-con-full test-content e-flex e-con e-child\" data-id=\"e241c31\" data-element_type=\"container\" data-e-type=\"container\" id=\"tempus\" style=\"display:none\">\n\t\t\t\t<div class=\"elementor-element elementor-element-4c327d8 elementor-widget elementor-widget-heading\" data-id=\"4c327d8\" data-element_type=\"widget\" data-e-type=\"widget\" data-widget_type=\"heading.default\">\n\t\t\t\t<div class=\"elementor-widget-container\">\n\t\t\t\t\t<h2 class=\"elementor-heading-title elementor-size-default\">Tempus AI<\/h2>\t\t\t\t<\/div>\n\t\t\t\t<\/div>\n\t\t\t\t<div class=\"elementor-element elementor-element-c0a5579 elementor-widget elementor-widget-text-editor\" data-id=\"c0a5579\" data-element_type=\"widget\" data-e-type=\"widget\" data-widget_type=\"text-editor.default\">\n\t\t\t\t<div class=\"elementor-widget-container\">\n\t\t\t\t\t\t\t\t\t<p>Con el poder de la inteligencia artificial, ahora tenemos la capacidad de\u00a0<strong>acelerar<\/strong>\u00a0el descubrimiento de nuevos objetivos terap\u00e9uticos,\u00a0<strong>predecir<\/strong>\u00a0<span style=\"font-size: medium;\">la efectividad de los tratamientos,<\/span><span style=\"font-size: medium;\">\u00a0<\/span><b>identificar<\/b>\u00a0ensayos cl\u00ednicos potencialmente que salvan vidas y\u00a0<strong>diagnosticar<\/strong>\u00a0m\u00faltiples enfermedades de forma m\u00e1s temprana.<\/p>\t\t\t\t\t\t\t\t<\/div>\n\t\t\t\t<\/div>\n\t\t\t\t<div class=\"elementor-element elementor-element-439cd9d elementor-widget elementor-widget-button\" data-id=\"439cd9d\" data-element_type=\"widget\" data-e-type=\"widget\" data-widget_type=\"button.default\">\n\t\t\t\t<div class=\"elementor-widget-container\">\n\t\t\t\t\t\t\t\t\t<div class=\"elementor-button-wrapper\">\n\t\t\t\t\t<a class=\"elementor-button elementor-button-link elementor-size-sm\" href=\"https:\/\/www.tempus.com\/\" target=\"_blank\">\n\t\t\t\t\t\t<span class=\"elementor-button-content-wrapper\">\n\t\t\t\t\t\t\t\t\t<span class=\"elementor-button-text\">Por m\u00e1s informaci\u00f3n realice clic aqu\u00ed<\/span>\n\t\t\t\t\t<\/span>\n\t\t\t\t\t<\/a>\n\t\t\t\t<\/div>\n\t\t\t\t\t\t\t\t<\/div>\n\t\t\t\t<\/div>\n\t\t\t\t<\/div>\n\t\t\t\t<\/div>\n\t\t\t\t\t<\/div>\n\t\t\t\t<\/div>\n\t\t\t\t<\/div>\n\t\t","protected":false},"excerpt":{"rendered":"<p>Oncolog\u00eda Detalles sobre nuestros test Test SENTIS\u2122 Pan-Cancer Discovery &#8211; BGI Oncotype Dx Mama \u2013 Exact Sciences Tempus AI SENTIS\u2122 Pan-Cancer Discovery &#8211; BGI Por m\u00e1s informaci\u00f3n realice clic aqu\u00ed ONCOTYPE Dx Mama &#8211; Exact Sciences Por m\u00e1s informaci\u00f3n realice clic aqu\u00ed Tempus AI Con el poder de la inteligencia artificial, ahora tenemos la capacidad [&hellip;]<\/p>\n","protected":false},"author":1,"featured_media":0,"parent":0,"menu_order":0,"comment_status":"closed","ping_status":"closed","template":"","meta":{"footnotes":""},"class_list":["post-647","page","type-page","status-publish","hentry"],"yoast_head":"<!-- This site is optimized with the Yoast SEO plugin v27.1.1 - https:\/\/yoast.com\/product\/yoast-seo-wordpress\/ -->\n<title>Oncolog\u00eda - Pacific Genomics<\/title>\n<meta name=\"robots\" content=\"index, follow, max-snippet:-1, max-image-preview:large, max-video-preview:-1\" \/>\n<link rel=\"canonical\" href=\"https:\/\/pacificgenomics.cl\/en\/oncologia\/\" \/>\n<meta property=\"og:locale\" content=\"en_US\" \/>\n<meta property=\"og:type\" content=\"article\" \/>\n<meta property=\"og:title\" content=\"Oncolog\u00eda - Pacific Genomics\" \/>\n<meta property=\"og:description\" content=\"Oncolog\u00eda Detalles sobre nuestros test Test SENTIS\u2122 Pan-Cancer Discovery &#8211; BGI Oncotype Dx Mama \u2013 Exact Sciences Tempus AI SENTIS\u2122 Pan-Cancer Discovery &#8211; BGI Por m\u00e1s informaci\u00f3n realice clic aqu\u00ed ONCOTYPE Dx Mama &#8211; Exact Sciences Por m\u00e1s informaci\u00f3n realice clic aqu\u00ed Tempus AI Con el poder de la inteligencia artificial, ahora tenemos la capacidad [&hellip;]\" \/>\n<meta property=\"og:url\" content=\"https:\/\/pacificgenomics.cl\/en\/oncologia\/\" \/>\n<meta property=\"og:site_name\" content=\"Pacific Genomics\" \/>\n<meta property=\"article:modified_time\" content=\"2025-08-05T14:49:51+00:00\" \/>\n<meta name=\"twitter:card\" content=\"summary_large_image\" \/>\n<meta name=\"twitter:label1\" content=\"Est. reading time\" \/>\n\t<meta name=\"twitter:data1\" content=\"1 minute\" \/>\n<script type=\"application\/ld+json\" class=\"yoast-schema-graph\">{\"@context\":\"https:\/\/schema.org\",\"@graph\":[{\"@type\":\"WebPage\",\"@id\":\"https:\/\/pacificgenomics.cl\/oncologia\/\",\"url\":\"https:\/\/pacificgenomics.cl\/oncologia\/\",\"name\":\"Oncolog\u00eda - Pacific Genomics\",\"isPartOf\":{\"@id\":\"https:\/\/pacificgenomics.cl\/#website\"},\"datePublished\":\"2024-08-19T17:25:54+00:00\",\"dateModified\":\"2025-08-05T14:49:51+00:00\",\"breadcrumb\":{\"@id\":\"https:\/\/pacificgenomics.cl\/oncologia\/#breadcrumb\"},\"inLanguage\":\"en-US\",\"potentialAction\":[{\"@type\":\"ReadAction\",\"target\":[\"https:\/\/pacificgenomics.cl\/oncologia\/\"]}]},{\"@type\":\"BreadcrumbList\",\"@id\":\"https:\/\/pacificgenomics.cl\/oncologia\/#breadcrumb\",\"itemListElement\":[{\"@type\":\"ListItem\",\"position\":1,\"name\":\"Inicio\",\"item\":\"https:\/\/pacificgenomics.cl\/\"},{\"@type\":\"ListItem\",\"position\":2,\"name\":\"Oncolog\u00eda\"}]},{\"@type\":\"WebSite\",\"@id\":\"https:\/\/pacificgenomics.cl\/#website\",\"url\":\"https:\/\/pacificgenomics.cl\/\",\"name\":\"Pacific Genomics\",\"description\":\"Accede a las Pruebas Diagn\u00f3sticas M\u00e1s Avanzadas del Mundo\",\"publisher\":{\"@id\":\"https:\/\/pacificgenomics.cl\/#organization\"},\"potentialAction\":[{\"@type\":\"SearchAction\",\"target\":{\"@type\":\"EntryPoint\",\"urlTemplate\":\"https:\/\/pacificgenomics.cl\/?s={search_term_string}\"},\"query-input\":{\"@type\":\"PropertyValueSpecification\",\"valueRequired\":true,\"valueName\":\"search_term_string\"}}],\"inLanguage\":\"en-US\"},{\"@type\":\"Organization\",\"@id\":\"https:\/\/pacificgenomics.cl\/#organization\",\"name\":\"Pacific Genomics\",\"url\":\"https:\/\/pacificgenomics.cl\/\",\"logo\":{\"@type\":\"ImageObject\",\"inLanguage\":\"en-US\",\"@id\":\"https:\/\/pacificgenomics.cl\/#\/schema\/logo\/image\/\",\"url\":\"https:\/\/pacificgenomics.cl\/wp-content\/uploads\/2024\/07\/logo-pacificgenomics.svg\",\"contentUrl\":\"https:\/\/pacificgenomics.cl\/wp-content\/uploads\/2024\/07\/logo-pacificgenomics.svg\",\"width\":147,\"height\":98,\"caption\":\"Pacific Genomics\"},\"image\":{\"@id\":\"https:\/\/pacificgenomics.cl\/#\/schema\/logo\/image\/\"}}]}<\/script>\n<!-- \/ Yoast SEO plugin. -->","yoast_head_json":{"title":"Oncolog\u00eda - Pacific Genomics","robots":{"index":"index","follow":"follow","max-snippet":"max-snippet:-1","max-image-preview":"max-image-preview:large","max-video-preview":"max-video-preview:-1"},"canonical":"https:\/\/pacificgenomics.cl\/en\/oncologia\/","og_locale":"en_US","og_type":"article","og_title":"Oncolog\u00eda - Pacific Genomics","og_description":"Oncolog\u00eda Detalles sobre nuestros test Test SENTIS\u2122 Pan-Cancer Discovery &#8211; BGI Oncotype Dx Mama \u2013 Exact Sciences Tempus AI SENTIS\u2122 Pan-Cancer Discovery &#8211; BGI Por m\u00e1s informaci\u00f3n realice clic aqu\u00ed ONCOTYPE Dx Mama &#8211; Exact Sciences Por m\u00e1s informaci\u00f3n realice clic aqu\u00ed Tempus AI Con el poder de la inteligencia artificial, ahora tenemos la capacidad [&hellip;]","og_url":"https:\/\/pacificgenomics.cl\/en\/oncologia\/","og_site_name":"Pacific Genomics","article_modified_time":"2025-08-05T14:49:51+00:00","twitter_card":"summary_large_image","twitter_misc":{"Est. reading time":"1 minute"},"schema":{"@context":"https:\/\/schema.org","@graph":[{"@type":"WebPage","@id":"https:\/\/pacificgenomics.cl\/oncologia\/","url":"https:\/\/pacificgenomics.cl\/oncologia\/","name":"Oncolog\u00eda - Pacific Genomics","isPartOf":{"@id":"https:\/\/pacificgenomics.cl\/#website"},"datePublished":"2024-08-19T17:25:54+00:00","dateModified":"2025-08-05T14:49:51+00:00","breadcrumb":{"@id":"https:\/\/pacificgenomics.cl\/oncologia\/#breadcrumb"},"inLanguage":"en-US","potentialAction":[{"@type":"ReadAction","target":["https:\/\/pacificgenomics.cl\/oncologia\/"]}]},{"@type":"BreadcrumbList","@id":"https:\/\/pacificgenomics.cl\/oncologia\/#breadcrumb","itemListElement":[{"@type":"ListItem","position":1,"name":"Inicio","item":"https:\/\/pacificgenomics.cl\/"},{"@type":"ListItem","position":2,"name":"Oncolog\u00eda"}]},{"@type":"WebSite","@id":"https:\/\/pacificgenomics.cl\/#website","url":"https:\/\/pacificgenomics.cl\/","name":"Pacific Genomics","description":"Accede a las Pruebas Diagn\u00f3sticas M\u00e1s Avanzadas del Mundo","publisher":{"@id":"https:\/\/pacificgenomics.cl\/#organization"},"potentialAction":[{"@type":"SearchAction","target":{"@type":"EntryPoint","urlTemplate":"https:\/\/pacificgenomics.cl\/?s={search_term_string}"},"query-input":{"@type":"PropertyValueSpecification","valueRequired":true,"valueName":"search_term_string"}}],"inLanguage":"en-US"},{"@type":"Organization","@id":"https:\/\/pacificgenomics.cl\/#organization","name":"Pacific Genomics","url":"https:\/\/pacificgenomics.cl\/","logo":{"@type":"ImageObject","inLanguage":"en-US","@id":"https:\/\/pacificgenomics.cl\/#\/schema\/logo\/image\/","url":"https:\/\/pacificgenomics.cl\/wp-content\/uploads\/2024\/07\/logo-pacificgenomics.svg","contentUrl":"https:\/\/pacificgenomics.cl\/wp-content\/uploads\/2024\/07\/logo-pacificgenomics.svg","width":147,"height":98,"caption":"Pacific Genomics"},"image":{"@id":"https:\/\/pacificgenomics.cl\/#\/schema\/logo\/image\/"}}]}},"_links":{"self":[{"href":"https:\/\/pacificgenomics.cl\/en\/wp-json\/wp\/v2\/pages\/647","targetHints":{"allow":["GET"]}}],"collection":[{"href":"https:\/\/pacificgenomics.cl\/en\/wp-json\/wp\/v2\/pages"}],"about":[{"href":"https:\/\/pacificgenomics.cl\/en\/wp-json\/wp\/v2\/types\/page"}],"author":[{"embeddable":true,"href":"https:\/\/pacificgenomics.cl\/en\/wp-json\/wp\/v2\/users\/1"}],"replies":[{"embeddable":true,"href":"https:\/\/pacificgenomics.cl\/en\/wp-json\/wp\/v2\/comments?post=647"}],"version-history":[{"count":19,"href":"https:\/\/pacificgenomics.cl\/en\/wp-json\/wp\/v2\/pages\/647\/revisions"}],"predecessor-version":[{"id":727,"href":"https:\/\/pacificgenomics.cl\/en\/wp-json\/wp\/v2\/pages\/647\/revisions\/727"}],"wp:attachment":[{"href":"https:\/\/pacificgenomics.cl\/en\/wp-json\/wp\/v2\/media?parent=647"}],"curies":[{"name":"wp","href":"https:\/\/api.w.org\/{rel}","templated":true}]}}